{"id":2010,"date":"2025-09-28T15:34:28","date_gmt":"2025-09-28T13:34:28","guid":{"rendered":"https:\/\/brfh.eu\/?page_id=2010"},"modified":"2025-09-28T15:38:12","modified_gmt":"2025-09-28T13:38:12","slug":"toth","status":"publish","type":"page","link":"https:\/\/brfh.eu\/index.php\/toth\/","title":{"rendered":"Toth"},"content":{"rendered":"\t\t<div data-elementor-type=\"wp-page\" data-elementor-id=\"2010\" class=\"elementor elementor-2010\">\n\t\t\t\t<div class=\"elementor-element elementor-element-072a394 e-flex e-con-boxed e-con e-parent\" data-id=\"072a394\" data-element_type=\"container\" data-e-type=\"container\" data-settings=\"{&quot;background_background&quot;:&quot;classic&quot;}\">\n\t\t\t\t\t<div class=\"e-con-inner\">\n\t\t<div class=\"elementor-element elementor-element-41401a8 e-con-full e-flex e-con e-child\" data-id=\"41401a8\" data-element_type=\"container\" data-e-type=\"container\" data-settings=\"{&quot;background_background&quot;:&quot;classic&quot;}\">\n\t\t<div class=\"elementor-element elementor-element-33d8a6e e-flex e-con-boxed e-con e-child\" data-id=\"33d8a6e\" data-element_type=\"container\" data-e-type=\"container\" data-settings=\"{&quot;background_background&quot;:&quot;classic&quot;}\">\n\t\t\t\t\t<div class=\"e-con-inner\">\n\t\t\t\t<div class=\"elementor-element elementor-element-0daf28f elementor-widget elementor-widget-image\" data-id=\"0daf28f\" data-element_type=\"widget\" data-e-type=\"widget\" data-widget_type=\"image.default\">\n\t\t\t\t\t\t\t\t\t\t\t\t\t\t\t<img fetchpriority=\"high\" decoding=\"async\" width=\"1080\" height=\"1080\" src=\"https:\/\/brfh.eu\/wp-content\/uploads\/2025\/09\/Jozsef-Toth.png\" class=\"attachment-full size-full wp-image-1659\" alt=\"\" srcset=\"https:\/\/brfh.eu\/wp-content\/uploads\/2025\/09\/Jozsef-Toth.png 1080w, https:\/\/brfh.eu\/wp-content\/uploads\/2025\/09\/Jozsef-Toth-1024x1024.png 1024w, https:\/\/brfh.eu\/wp-content\/uploads\/2025\/09\/Jozsef-Toth-175x175.png 175w, https:\/\/brfh.eu\/wp-content\/uploads\/2025\/09\/Jozsef-Toth-768x768.png 768w, https:\/\/brfh.eu\/wp-content\/uploads\/2025\/09\/Jozsef-Toth-580x580.png 580w, https:\/\/brfh.eu\/wp-content\/uploads\/2025\/09\/Jozsef-Toth-300x300.png 300w, https:\/\/brfh.eu\/wp-content\/uploads\/2025\/09\/Jozsef-Toth-600x600.png 600w, https:\/\/brfh.eu\/wp-content\/uploads\/2025\/09\/Jozsef-Toth-180x180.png 180w\" sizes=\"(max-width: 1080px) 100vw, 1080px\" \/>\t\t\t\t\t\t\t\t\t\t\t\t\t\t\t<\/div>\n\t\t\t\t\t<\/div>\n\t\t\t\t<\/div>\n\t\t\t\t<\/div>\n\t\t<div class=\"elementor-element elementor-element-d107dcb e-con-full e-flex e-con e-child\" data-id=\"d107dcb\" data-element_type=\"container\" data-e-type=\"container\">\n\t\t\t\t<div class=\"elementor-element elementor-element-726c42c elementor-widget elementor-widget-gva-heading-block\" data-id=\"726c42c\" data-element_type=\"widget\" data-e-type=\"widget\" data-widget_type=\"gva-heading-block.default\">\n\t\t\t\t<div class=\"elementor-widget-container\">\n\t\t\t\t\t<div class=\"gva-element-gva-heading-block gva-element\">   <div class=\"align-left style-1 widget gsc-heading box-align-left auto-responsive\">\r\n      <div class=\"content-inner\">\r\n         \r\n                  \r\n         <div class=\"sub-title\"><span class=\"tagline\">Wyk\u0142ad wprowadzaj\u0105cy<\/span><\/div>  \r\n         \r\n                     <h2 class=\"title\">\r\n               <span>Blok tematyczny: RODZINA<\/span>\r\n            <\/h2>\r\n                  \r\n         \r\n         \r\n      <\/div>\r\n   <\/div>\r\n<\/div>\t\t\t\t<\/div>\n\t\t\t\t<\/div>\n\t\t\t\t<div class=\"elementor-element elementor-element-e72c34a elementor-widget elementor-widget-heading\" data-id=\"e72c34a\" data-element_type=\"widget\" data-e-type=\"widget\" data-widget_type=\"heading.default\">\n\t\t\t\t\t<h2 class=\"elementor-heading-title elementor-size-default\">J\u00f3zsef T\u00f3th<\/h2>\t\t\t\t<\/div>\n\t\t\t\t<div class=\"elementor-element elementor-element-c970f4d elementor-widget elementor-widget-text-editor\" data-id=\"c970f4d\" data-element_type=\"widget\" data-e-type=\"widget\" data-widget_type=\"text-editor.default\">\n\t\t\t\t\t\t\t\t\t<p><span style=\"color: #333333;\"><strong>Ekonomista, kt\u00f3ry \u0142\u0105czy wiar\u0119 z odpowiedzialnym rozwojem<\/strong><\/span><\/p>\t\t\t\t\t\t\t\t<\/div>\n\t\t\t\t<div class=\"elementor-element elementor-element-efff78a elementor-widget elementor-widget-text-editor\" data-id=\"efff78a\" data-element_type=\"widget\" data-e-type=\"widget\" data-widget_type=\"text-editor.default\">\n\t\t\t\t\t\t\t\t\t<ul><li>Do\u015bwiadczony <strong>ekonomista, przedsi\u0119biorca i doradca ESG<\/strong>, kt\u00f3ry od ponad 20 lat \u0142\u0105czy wiedz\u0119 z finans\u00f3w i doradztwa biznesowego z etyk\u0105 i nauk\u0105 spo\u0142eczn\u0105 Ko\u015bcio\u0142a.<\/li><li>Wsp\u00f3\u0142tw\u00f3rca i wyk\u0142adowca <strong>KETEG<\/strong> \u2013 inicjatywy akademickiej reinterpretuj\u0105cej ekonomi\u0119 w \u015bwietle katolickich zasad, z naciskiem na godno\u015b\u0107 osoby i dobro wsp\u00f3lne.<\/li><li>Przewodnicz\u0105cy rady fundacji <strong>\u00c9rMe Business Network<\/strong> \u2013 w\u0119gierskiej wsp\u00f3lnoty katolickich lider\u00f3w biznesu, promuj\u0105cej etyczne i odpowiedzialne przedsi\u0119biorczo\u015b\u0107 oraz reprezentant W\u0119gier w mi\u0119dzynarodowej organizacji <strong>UNIAPAC<\/strong>, zrzeszaj\u0105cej chrze\u015bcija\u0144skich lider\u00f3w biznesu z ca\u0142ego \u015bwiata.<\/li><li>Za\u0142o\u017cyciel <strong>Cut&amp;Go<\/strong> \u2013 innowacyjnej, ekologicznej platformy do krojenia sera i mi\u0119sa, kt\u00f3ra pomaga redukowa\u0107 zu\u017cycie plastiku w handlu detalicznym.<\/li><li style=\"list-style-type: none;\">\u00a0<\/li><\/ul>\t\t\t\t\t\t\t\t<\/div>\n\t\t\t\t<\/div>\n\t\t\t\t\t<\/div>\n\t\t\t\t<\/div>\n\t\t\t\t<\/div>\n\t\t","protected":false},"excerpt":{"rendered":"<p>Wyk\u0142ad wprowadzaj\u0105cy Blok tematyczny: RODZINA J\u00f3zsef T\u00f3th Ekonomista, kt\u00f3ry \u0142\u0105czy wiar\u0119 z odpowiedzialnym rozwojem Do\u015bwiadczony ekonomista, przedsi\u0119biorca i doradca ESG, kt\u00f3ry od ponad 20 lat \u0142\u0105czy wiedz\u0119 z finans\u00f3w i [&hellip;]<\/p>\n","protected":false},"author":1,"featured_media":0,"parent":0,"menu_order":0,"comment_status":"closed","ping_status":"closed","template":"","meta":{"give_campaign_id":0,"footnotes":""},"class_list":["post-2010","page","type-page","status-publish","hentry"],"campaignId":"","jetpack_sharing_enabled":true,"_links":{"self":[{"href":"https:\/\/brfh.eu\/index.php\/wp-json\/wp\/v2\/pages\/2010","targetHints":{"allow":["GET"]}}],"collection":[{"href":"https:\/\/brfh.eu\/index.php\/wp-json\/wp\/v2\/pages"}],"about":[{"href":"https:\/\/brfh.eu\/index.php\/wp-json\/wp\/v2\/types\/page"}],"author":[{"embeddable":true,"href":"https:\/\/brfh.eu\/index.php\/wp-json\/wp\/v2\/users\/1"}],"replies":[{"embeddable":true,"href":"https:\/\/brfh.eu\/index.php\/wp-json\/wp\/v2\/comments?post=2010"}],"version-history":[{"count":7,"href":"https:\/\/brfh.eu\/index.php\/wp-json\/wp\/v2\/pages\/2010\/revisions"}],"predecessor-version":[{"id":2017,"href":"https:\/\/brfh.eu\/index.php\/wp-json\/wp\/v2\/pages\/2010\/revisions\/2017"}],"wp:attachment":[{"href":"https:\/\/brfh.eu\/index.php\/wp-json\/wp\/v2\/media?parent=2010"}],"curies":[{"name":"wp","href":"https:\/\/api.w.org\/{rel}","templated":true}]}}