{"id":1962,"date":"2025-09-28T08:38:04","date_gmt":"2025-09-28T06:38:04","guid":{"rendered":"https:\/\/brfh.eu\/?page_id=1962"},"modified":"2025-09-28T08:44:42","modified_gmt":"2025-09-28T06:44:42","slug":"piatek","status":"publish","type":"page","link":"https:\/\/brfh.eu\/index.php\/piatek\/","title":{"rendered":"Pi\u0105tek"},"content":{"rendered":"\t\t<div data-elementor-type=\"wp-page\" data-elementor-id=\"1962\" class=\"elementor elementor-1962\">\n\t\t\t\t<div class=\"elementor-element elementor-element-072a394 e-flex e-con-boxed e-con e-parent\" data-id=\"072a394\" data-element_type=\"container\" data-e-type=\"container\" data-settings=\"{&quot;background_background&quot;:&quot;classic&quot;}\">\n\t\t\t\t\t<div class=\"e-con-inner\">\n\t\t<div class=\"elementor-element elementor-element-41401a8 e-con-full e-flex e-con e-child\" data-id=\"41401a8\" data-element_type=\"container\" data-e-type=\"container\" data-settings=\"{&quot;background_background&quot;:&quot;classic&quot;}\">\n\t\t<div class=\"elementor-element elementor-element-33d8a6e e-flex e-con-boxed e-con e-child\" data-id=\"33d8a6e\" data-element_type=\"container\" data-e-type=\"container\" data-settings=\"{&quot;background_background&quot;:&quot;classic&quot;}\">\n\t\t\t\t\t<div class=\"e-con-inner\">\n\t\t\t\t<div class=\"elementor-element elementor-element-0daf28f elementor-widget elementor-widget-image\" data-id=\"0daf28f\" data-element_type=\"widget\" data-e-type=\"widget\" data-widget_type=\"image.default\">\n\t\t\t\t\t\t\t\t\t\t\t\t\t\t\t<img fetchpriority=\"high\" decoding=\"async\" width=\"1080\" height=\"1080\" src=\"https:\/\/brfh.eu\/wp-content\/uploads\/2025\/09\/ks.-Grzegorz-Piatek-SCJ.png\" class=\"attachment-full size-full wp-image-1266\" alt=\"\" srcset=\"https:\/\/brfh.eu\/wp-content\/uploads\/2025\/09\/ks.-Grzegorz-Piatek-SCJ.png 1080w, https:\/\/brfh.eu\/wp-content\/uploads\/2025\/09\/ks.-Grzegorz-Piatek-SCJ-1024x1024.png 1024w, https:\/\/brfh.eu\/wp-content\/uploads\/2025\/09\/ks.-Grzegorz-Piatek-SCJ-175x175.png 175w, https:\/\/brfh.eu\/wp-content\/uploads\/2025\/09\/ks.-Grzegorz-Piatek-SCJ-768x768.png 768w, https:\/\/brfh.eu\/wp-content\/uploads\/2025\/09\/ks.-Grzegorz-Piatek-SCJ-580x580.png 580w, https:\/\/brfh.eu\/wp-content\/uploads\/2025\/09\/ks.-Grzegorz-Piatek-SCJ-300x300.png 300w, https:\/\/brfh.eu\/wp-content\/uploads\/2025\/09\/ks.-Grzegorz-Piatek-SCJ-600x600.png 600w, https:\/\/brfh.eu\/wp-content\/uploads\/2025\/09\/ks.-Grzegorz-Piatek-SCJ-180x180.png 180w\" sizes=\"(max-width: 1080px) 100vw, 1080px\" \/>\t\t\t\t\t\t\t\t\t\t\t\t\t\t\t<\/div>\n\t\t\t\t\t<\/div>\n\t\t\t\t<\/div>\n\t\t\t\t<\/div>\n\t\t<div class=\"elementor-element elementor-element-d107dcb e-con-full e-flex e-con e-child\" data-id=\"d107dcb\" data-element_type=\"container\" data-e-type=\"container\">\n\t\t\t\t<div class=\"elementor-element elementor-element-726c42c elementor-widget elementor-widget-gva-heading-block\" data-id=\"726c42c\" data-element_type=\"widget\" data-e-type=\"widget\" data-widget_type=\"gva-heading-block.default\">\n\t\t\t\t<div class=\"elementor-widget-container\">\n\t\t\t\t\t<div class=\"gva-element-gva-heading-block gva-element\">   <div class=\"align-left style-1 widget gsc-heading box-align-left auto-responsive\">\r\n      <div class=\"content-inner\">\r\n         \r\n                  \r\n         <div class=\"sub-title\"><span class=\"tagline\">Uczestnik panelu<\/span><\/div>  \r\n         \r\n                     <h2 class=\"title\">\r\n               <span>Blok tematyczny: B\u00d3G<\/span>\r\n            <\/h2>\r\n                  \r\n         \r\n         \r\n      <\/div>\r\n   <\/div>\r\n<\/div>\t\t\t\t<\/div>\n\t\t\t\t<\/div>\n\t\t\t\t<div class=\"elementor-element elementor-element-e72c34a elementor-widget elementor-widget-heading\" data-id=\"e72c34a\" data-element_type=\"widget\" data-e-type=\"widget\" data-widget_type=\"heading.default\">\n\t\t\t\t\t<h2 class=\"elementor-heading-title elementor-size-default\">ks. Grzegorz Pi\u0105tek SCJ<\/h2>\t\t\t\t<\/div>\n\t\t\t\t<div class=\"elementor-element elementor-element-c970f4d elementor-widget elementor-widget-text-editor\" data-id=\"c970f4d\" data-element_type=\"widget\" data-e-type=\"widget\" data-widget_type=\"text-editor.default\">\n\t\t\t\t\t\t\t\t\t<p><span style=\"color: #333333;\">Duchowny z sercem dla przedsi\u0119biorc\u00f3w<\/span><\/p>\t\t\t\t\t\t\t\t<\/div>\n\t\t\t\t<div class=\"elementor-element elementor-element-efff78a elementor-widget elementor-widget-text-editor\" data-id=\"efff78a\" data-element_type=\"widget\" data-e-type=\"widget\" data-widget_type=\"text-editor.default\">\n\t\t\t\t\t\t\t\t\t<ul><li>Kap\u0142an ze Zgromadzenia Ksi\u0119\u017cy Naj\u015bwi\u0119tszego Serca Jezusowego (sercan\u00f3w), wy\u015bwi\u0119cony w 1988 roku \u2013 od ponad <strong>20 lat zaanga\u017cowany w Duszpasterstwo Przedsi\u0119biorc\u00f3w i Pracodawc\u00f3w TALENT<\/strong>.<\/li><li>Absolwent teologii moralnej w <strong>Accademia Alfonsiana w Rzymie<\/strong><\/li><li>Wsp\u00f3\u0142tw\u00f3rca formacji duchowej \u015brodowiska przedsi\u0119biorc\u00f3w \u2013 towarzyszy im w poszukiwaniu sensu, integralno\u015bci i odpowiedzialno\u015bci w codziennych decyzjach.<\/li><li>Przez 10 lat sekretarz i kapelan kard. Stanis\u0142awa Nagy\u2019ego SCJ \u2013 bliski wsp\u00f3\u0142pracownik wielkiego teologa i przyjaciela \u015bw. Jana Paw\u0142a II.<\/li><li>Prywatnie pasjonat rysunku i pieszych w\u0119dr\u00f3wek \u2013 <strong>cz\u0142owiek serca, refleksji i drogi<\/strong>, kt\u00f3ry towarzyszy tak\u017ce w duchowym pielgrzymowaniu przedsi\u0119biorc\u00f3w.<\/li><\/ul>\t\t\t\t\t\t\t\t<\/div>\n\t\t\t\t<\/div>\n\t\t\t\t\t<\/div>\n\t\t\t\t<\/div>\n\t\t\t\t<\/div>\n\t\t","protected":false},"excerpt":{"rendered":"<p>Uczestnik panelu Blok tematyczny: B\u00d3G ks. Grzegorz Pi\u0105tek SCJ Duchowny z sercem dla przedsi\u0119biorc\u00f3w Kap\u0142an ze Zgromadzenia Ksi\u0119\u017cy Naj\u015bwi\u0119tszego Serca Jezusowego (sercan\u00f3w), wy\u015bwi\u0119cony w 1988 roku \u2013 od ponad 20 [&hellip;]<\/p>\n","protected":false},"author":1,"featured_media":0,"parent":0,"menu_order":0,"comment_status":"closed","ping_status":"closed","template":"","meta":{"give_campaign_id":0,"footnotes":""},"class_list":["post-1962","page","type-page","status-publish","hentry"],"campaignId":"","jetpack_sharing_enabled":true,"_links":{"self":[{"href":"https:\/\/brfh.eu\/index.php\/wp-json\/wp\/v2\/pages\/1962","targetHints":{"allow":["GET"]}}],"collection":[{"href":"https:\/\/brfh.eu\/index.php\/wp-json\/wp\/v2\/pages"}],"about":[{"href":"https:\/\/brfh.eu\/index.php\/wp-json\/wp\/v2\/types\/page"}],"author":[{"embeddable":true,"href":"https:\/\/brfh.eu\/index.php\/wp-json\/wp\/v2\/users\/1"}],"replies":[{"embeddable":true,"href":"https:\/\/brfh.eu\/index.php\/wp-json\/wp\/v2\/comments?post=1962"}],"version-history":[{"count":10,"href":"https:\/\/brfh.eu\/index.php\/wp-json\/wp\/v2\/pages\/1962\/revisions"}],"predecessor-version":[{"id":1972,"href":"https:\/\/brfh.eu\/index.php\/wp-json\/wp\/v2\/pages\/1962\/revisions\/1972"}],"wp:attachment":[{"href":"https:\/\/brfh.eu\/index.php\/wp-json\/wp\/v2\/media?parent=1962"}],"curies":[{"name":"wp","href":"https:\/\/api.w.org\/{rel}","templated":true}]}}