{"id":1944,"date":"2025-09-28T08:20:06","date_gmt":"2025-09-28T06:20:06","guid":{"rendered":"https:\/\/brfh.eu\/?page_id=1944"},"modified":"2025-09-28T08:47:06","modified_gmt":"2025-09-28T06:47:06","slug":"olszowski","status":"publish","type":"page","link":"https:\/\/brfh.eu\/index.php\/olszowski\/","title":{"rendered":"Olszowski"},"content":{"rendered":"\t\t<div data-elementor-type=\"wp-page\" data-elementor-id=\"1944\" class=\"elementor elementor-1944\">\n\t\t\t\t<div class=\"elementor-element elementor-element-072a394 e-flex e-con-boxed e-con e-parent\" data-id=\"072a394\" data-element_type=\"container\" data-e-type=\"container\" data-settings=\"{&quot;background_background&quot;:&quot;classic&quot;}\">\n\t\t\t\t\t<div class=\"e-con-inner\">\n\t\t<div class=\"elementor-element elementor-element-41401a8 e-con-full e-flex e-con e-child\" data-id=\"41401a8\" data-element_type=\"container\" data-e-type=\"container\" data-settings=\"{&quot;background_background&quot;:&quot;classic&quot;}\">\n\t\t<div class=\"elementor-element elementor-element-33d8a6e e-flex e-con-boxed e-con e-child\" data-id=\"33d8a6e\" data-element_type=\"container\" data-e-type=\"container\" data-settings=\"{&quot;background_background&quot;:&quot;classic&quot;}\">\n\t\t\t\t\t<div class=\"e-con-inner\">\n\t\t\t\t<div class=\"elementor-element elementor-element-0daf28f elementor-widget elementor-widget-image\" data-id=\"0daf28f\" data-element_type=\"widget\" data-e-type=\"widget\" data-widget_type=\"image.default\">\n\t\t\t\t\t\t\t\t\t\t\t\t\t\t\t<img fetchpriority=\"high\" decoding=\"async\" width=\"1080\" height=\"1080\" src=\"https:\/\/brfh.eu\/wp-content\/uploads\/2025\/09\/bp-Grzegorz-Olszowski.png\" class=\"attachment-full size-full wp-image-1265\" alt=\"\" srcset=\"https:\/\/brfh.eu\/wp-content\/uploads\/2025\/09\/bp-Grzegorz-Olszowski.png 1080w, https:\/\/brfh.eu\/wp-content\/uploads\/2025\/09\/bp-Grzegorz-Olszowski-1024x1024.png 1024w, https:\/\/brfh.eu\/wp-content\/uploads\/2025\/09\/bp-Grzegorz-Olszowski-175x175.png 175w, https:\/\/brfh.eu\/wp-content\/uploads\/2025\/09\/bp-Grzegorz-Olszowski-768x768.png 768w, https:\/\/brfh.eu\/wp-content\/uploads\/2025\/09\/bp-Grzegorz-Olszowski-580x580.png 580w, https:\/\/brfh.eu\/wp-content\/uploads\/2025\/09\/bp-Grzegorz-Olszowski-300x300.png 300w, https:\/\/brfh.eu\/wp-content\/uploads\/2025\/09\/bp-Grzegorz-Olszowski-600x600.png 600w, https:\/\/brfh.eu\/wp-content\/uploads\/2025\/09\/bp-Grzegorz-Olszowski-180x180.png 180w\" sizes=\"(max-width: 1080px) 100vw, 1080px\" \/>\t\t\t\t\t\t\t\t\t\t\t\t\t\t\t<\/div>\n\t\t\t\t\t<\/div>\n\t\t\t\t<\/div>\n\t\t\t\t<\/div>\n\t\t<div class=\"elementor-element elementor-element-d107dcb e-con-full e-flex e-con e-child\" data-id=\"d107dcb\" data-element_type=\"container\" data-e-type=\"container\">\n\t\t\t\t<div class=\"elementor-element elementor-element-726c42c elementor-widget elementor-widget-gva-heading-block\" data-id=\"726c42c\" data-element_type=\"widget\" data-e-type=\"widget\" data-widget_type=\"gva-heading-block.default\">\n\t\t\t\t<div class=\"elementor-widget-container\">\n\t\t\t\t\t<div class=\"gva-element-gva-heading-block gva-element\">   <div class=\"align-left style-1 widget gsc-heading box-align-left auto-responsive\">\r\n      <div class=\"content-inner\">\r\n         \r\n                  \r\n         <div class=\"sub-title\"><span class=\"tagline\">Uczestnik panelu<\/span><\/div>  \r\n         \r\n                     <h2 class=\"title\">\r\n               <span>Blok tematyczny: B\u00d3G<\/span>\r\n            <\/h2>\r\n                  \r\n         \r\n         \r\n      <\/div>\r\n   <\/div>\r\n<\/div>\t\t\t\t<\/div>\n\t\t\t\t<\/div>\n\t\t\t\t<div class=\"elementor-element elementor-element-e72c34a elementor-widget elementor-widget-heading\" data-id=\"e72c34a\" data-element_type=\"widget\" data-e-type=\"widget\" data-widget_type=\"heading.default\">\n\t\t\t\t\t<h2 class=\"elementor-heading-title elementor-size-default\">bp Grzegorz Olszowski<\/h2>\t\t\t\t<\/div>\n\t\t\t\t<div class=\"elementor-element elementor-element-8ae5835 elementor-widget elementor-widget-text-editor\" data-id=\"8ae5835\" data-element_type=\"widget\" data-e-type=\"widget\" data-widget_type=\"text-editor.default\">\n\t\t\t\t\t\t\t\t\t<h4>Pasterz przedsi\u0119biorc\u00f3w, kt\u00f3ry g\u0142osi Ewangeli\u0119<br \/>ku chwale Boga Ojca<\/h4>\t\t\t\t\t\t\t\t<\/div>\n\t\t\t\t<div class=\"elementor-element elementor-element-efff78a elementor-widget elementor-widget-text-editor\" data-id=\"efff78a\" data-element_type=\"widget\" data-e-type=\"widget\" data-widget_type=\"text-editor.default\">\n\t\t\t\t\t\t\t\t\t<ul><li><strong>Biskup pomocniczy i wikariusz generalny Archidiecezji Katowickiej<\/strong>, delegat Konferencji Episkopatu Polski ds. <strong>Duszpasterstwa Przedsi\u0119biorc\u00f3w i Pracodawc\u00f3w<\/strong> \u2013 powo\u0142any do wspierania ludzi biznesu w \u017cyciu wiary.<\/li><li>Doktor teologii pastoralnej, do\u015bwiadczony duszpasterz, rekolekcjonista i promotor zaanga\u017cowania \u015bwieckich \u2013 z pasj\u0105 g\u0142osi potrzeb\u0119 integralnego rozwoju duchowego w \u017cyciu zawodowym.<br \/>Przez wiele lat pe\u0142ni\u0142 kluczowe funkcje w archidiecezji: kanclerza kurii, proboszcza, dziekana, kapelana abp. Zimonia, a obecnie odpowiada tak\u017ce za <strong>animacj\u0119 misyjn\u0105<\/strong> i formacj\u0119 lider\u00f3w.<p>Dewiza jego pos\u0142ugi: <strong>\u201eAd gloriam Dei Patris\u201d (Ku chwale Boga Ojca)<\/strong><\/p><\/li><\/ul>\t\t\t\t\t\t\t\t<\/div>\n\t\t\t\t<\/div>\n\t\t\t\t\t<\/div>\n\t\t\t\t<\/div>\n\t\t\t\t<\/div>\n\t\t","protected":false},"excerpt":{"rendered":"<p>Uczestnik panelu Blok tematyczny: B\u00d3G bp Grzegorz Olszowski Pasterz przedsi\u0119biorc\u00f3w, kt\u00f3ry g\u0142osi Ewangeli\u0119ku chwale Boga Ojca Biskup pomocniczy i wikariusz generalny Archidiecezji Katowickiej, delegat Konferencji Episkopatu Polski ds. Duszpasterstwa Przedsi\u0119biorc\u00f3w [&hellip;]<\/p>\n","protected":false},"author":1,"featured_media":0,"parent":0,"menu_order":0,"comment_status":"closed","ping_status":"closed","template":"","meta":{"give_campaign_id":0,"footnotes":""},"class_list":["post-1944","page","type-page","status-publish","hentry"],"campaignId":"","jetpack_sharing_enabled":true,"_links":{"self":[{"href":"https:\/\/brfh.eu\/index.php\/wp-json\/wp\/v2\/pages\/1944","targetHints":{"allow":["GET"]}}],"collection":[{"href":"https:\/\/brfh.eu\/index.php\/wp-json\/wp\/v2\/pages"}],"about":[{"href":"https:\/\/brfh.eu\/index.php\/wp-json\/wp\/v2\/types\/page"}],"author":[{"embeddable":true,"href":"https:\/\/brfh.eu\/index.php\/wp-json\/wp\/v2\/users\/1"}],"replies":[{"embeddable":true,"href":"https:\/\/brfh.eu\/index.php\/wp-json\/wp\/v2\/comments?post=1944"}],"version-history":[{"count":15,"href":"https:\/\/brfh.eu\/index.php\/wp-json\/wp\/v2\/pages\/1944\/revisions"}],"predecessor-version":[{"id":1976,"href":"https:\/\/brfh.eu\/index.php\/wp-json\/wp\/v2\/pages\/1944\/revisions\/1976"}],"wp:attachment":[{"href":"https:\/\/brfh.eu\/index.php\/wp-json\/wp\/v2\/media?parent=1944"}],"curies":[{"name":"wp","href":"https:\/\/api.w.org\/{rel}","templated":true}]}}