{"id":1769,"date":"2025-09-28T07:43:54","date_gmt":"2025-09-28T05:43:54","guid":{"rendered":"https:\/\/brfh.eu\/?page_id=1769"},"modified":"2025-09-28T08:49:11","modified_gmt":"2025-09-28T06:49:11","slug":"skorowski","status":"publish","type":"page","link":"https:\/\/brfh.eu\/index.php\/skorowski\/","title":{"rendered":"Skorowski"},"content":{"rendered":"\t\t<div data-elementor-type=\"wp-page\" data-elementor-id=\"1769\" class=\"elementor elementor-1769\">\n\t\t\t\t<div class=\"elementor-element elementor-element-072a394 e-flex e-con-boxed e-con e-parent\" data-id=\"072a394\" data-element_type=\"container\" data-e-type=\"container\" data-settings=\"{&quot;background_background&quot;:&quot;classic&quot;}\">\n\t\t\t\t\t<div class=\"e-con-inner\">\n\t\t<div class=\"elementor-element elementor-element-41401a8 e-con-full e-flex e-con e-child\" data-id=\"41401a8\" data-element_type=\"container\" data-e-type=\"container\" data-settings=\"{&quot;background_background&quot;:&quot;classic&quot;}\">\n\t\t<div class=\"elementor-element elementor-element-33d8a6e e-flex e-con-boxed e-con e-child\" data-id=\"33d8a6e\" data-element_type=\"container\" data-e-type=\"container\" data-settings=\"{&quot;background_background&quot;:&quot;classic&quot;}\">\n\t\t\t\t\t<div class=\"e-con-inner\">\n\t\t\t\t<div class=\"elementor-element elementor-element-0daf28f elementor-widget elementor-widget-image\" data-id=\"0daf28f\" data-element_type=\"widget\" data-e-type=\"widget\" data-widget_type=\"image.default\">\n\t\t\t\t\t\t\t\t\t\t\t\t\t\t\t<img fetchpriority=\"high\" decoding=\"async\" width=\"1080\" height=\"1080\" src=\"https:\/\/brfh.eu\/wp-content\/uploads\/2025\/09\/ks.-prof.-Henryk-Skorowski-SDB.png\" class=\"attachment-full size-full wp-image-1264\" alt=\"\" srcset=\"https:\/\/brfh.eu\/wp-content\/uploads\/2025\/09\/ks.-prof.-Henryk-Skorowski-SDB.png 1080w, https:\/\/brfh.eu\/wp-content\/uploads\/2025\/09\/ks.-prof.-Henryk-Skorowski-SDB-1024x1024.png 1024w, https:\/\/brfh.eu\/wp-content\/uploads\/2025\/09\/ks.-prof.-Henryk-Skorowski-SDB-175x175.png 175w, https:\/\/brfh.eu\/wp-content\/uploads\/2025\/09\/ks.-prof.-Henryk-Skorowski-SDB-768x768.png 768w, https:\/\/brfh.eu\/wp-content\/uploads\/2025\/09\/ks.-prof.-Henryk-Skorowski-SDB-580x580.png 580w, https:\/\/brfh.eu\/wp-content\/uploads\/2025\/09\/ks.-prof.-Henryk-Skorowski-SDB-300x300.png 300w, https:\/\/brfh.eu\/wp-content\/uploads\/2025\/09\/ks.-prof.-Henryk-Skorowski-SDB-600x600.png 600w, https:\/\/brfh.eu\/wp-content\/uploads\/2025\/09\/ks.-prof.-Henryk-Skorowski-SDB-180x180.png 180w\" sizes=\"(max-width: 1080px) 100vw, 1080px\" \/>\t\t\t\t\t\t\t\t\t\t\t\t\t\t\t<\/div>\n\t\t\t\t\t<\/div>\n\t\t\t\t<\/div>\n\t\t\t\t<\/div>\n\t\t<div class=\"elementor-element elementor-element-d107dcb e-con-full e-flex e-con e-child\" data-id=\"d107dcb\" data-element_type=\"container\" data-e-type=\"container\">\n\t\t\t\t<div class=\"elementor-element elementor-element-726c42c elementor-widget elementor-widget-gva-heading-block\" data-id=\"726c42c\" data-element_type=\"widget\" data-e-type=\"widget\" data-widget_type=\"gva-heading-block.default\">\n\t\t\t\t<div class=\"elementor-widget-container\">\n\t\t\t\t\t<div class=\"gva-element-gva-heading-block gva-element\">   <div class=\"align-left style-1 widget gsc-heading box-align-left auto-responsive\">\r\n      <div class=\"content-inner\">\r\n         \r\n                  \r\n         <div class=\"sub-title\"><span class=\"tagline\">Wyk\u0142ad wprowadzaj\u0105cy<\/span><\/div>  \r\n         \r\n                     <h2 class=\"title\">\r\n               <span>Blok tematyczny: B\u00d3G<\/span>\r\n            <\/h2>\r\n                  \r\n         \r\n         \r\n      <\/div>\r\n   <\/div>\r\n<\/div>\t\t\t\t<\/div>\n\t\t\t\t<\/div>\n\t\t\t\t<div class=\"elementor-element elementor-element-e72c34a elementor-widget elementor-widget-heading\" data-id=\"e72c34a\" data-element_type=\"widget\" data-e-type=\"widget\" data-widget_type=\"heading.default\">\n\t\t\t\t\t<h2 class=\"elementor-heading-title elementor-size-default\">ks. prof. Henryk Skorowski<\/h2>\t\t\t\t<\/div>\n\t\t\t\t<div class=\"elementor-element elementor-element-c970f4d elementor-widget elementor-widget-text-editor\" data-id=\"c970f4d\" data-element_type=\"widget\" data-e-type=\"widget\" data-widget_type=\"text-editor.default\">\n\t\t\t\t\t\t\t\t\t<p><span style=\"color: #333333;\">Autorytet katolickiej nauki spo\u0142ecznej<\/span><\/p>\t\t\t\t\t\t\t\t<\/div>\n\t\t\t\t<div class=\"elementor-element elementor-element-efff78a elementor-widget elementor-widget-text-editor\" data-id=\"efff78a\" data-element_type=\"widget\" data-e-type=\"widget\" data-widget_type=\"text-editor.default\">\n\t\t\t\t\t\t\t\t\t<p>\u25cf Kap\u0142an, salezjanin, socjolog i profesor nauk humanistycznych w zakresie chrze\u015bcija\u0144skich nauk spo\u0142ecznych, by\u0142y rektor UKSW w Warszawie, wybitny znawca katolickiej nauki spo\u0142ecznej, teorii regionalizmu oraz problematyki praw cz\u0142owieka.<\/p><p>\u25cf Autor 35 ksi\u0105\u017cek i ponad 300 artyku\u0142\u00f3w naukowych, aktywny uczestnik mi\u0119dzynarodowych i krajowych kongres\u00f3w, sympozj\u00f3w i debat spo\u0142ecznych.<\/p><p>\u25cf Promotor 78 doktor\u00f3w i ponad 400 magistr\u00f3w \u2013 przez dekady kszta\u0142ci lider\u00f3w, kt\u00f3rzy chc\u0105 \u0142\u0105czy\u0107 wiar\u0119 z odpowiedzialno\u015bci\u0105 spo\u0142eczn\u0105 i publiczn\u0105.<\/p>\t\t\t\t\t\t\t\t<\/div>\n\t\t\t\t<\/div>\n\t\t\t\t\t<\/div>\n\t\t\t\t<\/div>\n\t\t\t\t<\/div>\n\t\t","protected":false},"excerpt":{"rendered":"<p>Wyk\u0142ad wprowadzaj\u0105cy Blok tematyczny: B\u00d3G ks. prof. Henryk Skorowski Autorytet katolickiej nauki spo\u0142ecznej \u25cf Kap\u0142an, salezjanin, socjolog i profesor nauk humanistycznych w zakresie chrze\u015bcija\u0144skich nauk spo\u0142ecznych, by\u0142y rektor UKSW w [&hellip;]<\/p>\n","protected":false},"author":1,"featured_media":0,"parent":0,"menu_order":0,"comment_status":"closed","ping_status":"closed","template":"","meta":{"give_campaign_id":0,"footnotes":""},"class_list":["post-1769","page","type-page","status-publish","hentry"],"campaignId":"","jetpack_sharing_enabled":true,"_links":{"self":[{"href":"https:\/\/brfh.eu\/index.php\/wp-json\/wp\/v2\/pages\/1769","targetHints":{"allow":["GET"]}}],"collection":[{"href":"https:\/\/brfh.eu\/index.php\/wp-json\/wp\/v2\/pages"}],"about":[{"href":"https:\/\/brfh.eu\/index.php\/wp-json\/wp\/v2\/types\/page"}],"author":[{"embeddable":true,"href":"https:\/\/brfh.eu\/index.php\/wp-json\/wp\/v2\/users\/1"}],"replies":[{"embeddable":true,"href":"https:\/\/brfh.eu\/index.php\/wp-json\/wp\/v2\/comments?post=1769"}],"version-history":[{"count":44,"href":"https:\/\/brfh.eu\/index.php\/wp-json\/wp\/v2\/pages\/1769\/revisions"}],"predecessor-version":[{"id":1982,"href":"https:\/\/brfh.eu\/index.php\/wp-json\/wp\/v2\/pages\/1769\/revisions\/1982"}],"wp:attachment":[{"href":"https:\/\/brfh.eu\/index.php\/wp-json\/wp\/v2\/media?parent=1769"}],"curies":[{"name":"wp","href":"https:\/\/api.w.org\/{rel}","templated":true}]}}